{"id":171,"date":"2024-12-18T09:27:12","date_gmt":"2024-12-18T12:27:12","guid":{"rendered":"https:\/\/giicso.ar\/?page_id=171"},"modified":"2024-12-30T09:12:42","modified_gmt":"2024-12-30T12:12:42","slug":"producciones-picat","status":"publish","type":"page","link":"https:\/\/giicso.ar\/index.php\/producciones-picat\/","title":{"rendered":"Producciones PICAT"},"content":{"rendered":"\t\t<div data-elementor-type=\"wp-page\" data-elementor-id=\"171\" class=\"elementor elementor-171\">\n\t\t\t\t<div class=\"elementor-element elementor-element-bae846c e-flex e-con-boxed e-con e-parent\" data-id=\"bae846c\" data-element_type=\"container\" data-settings=\"{&quot;background_background&quot;:&quot;classic&quot;}\">\n\t\t\t\t\t<div class=\"e-con-inner\">\n\t\t\t\t<div class=\"elementor-element elementor-element-d251902 elementor-widget elementor-widget-heading\" data-id=\"d251902\" data-element_type=\"widget\" data-widget_type=\"heading.default\">\n\t\t\t\t<div class=\"elementor-widget-container\">\n\t\t\t\t\t<h3 class=\"elementor-heading-title elementor-size-default\">Calendario Andino<\/h3>\t\t\t\t<\/div>\n\t\t\t\t<\/div>\n\t\t\t\t\t<\/div>\n\t\t\t\t<\/div>\n\t\t<div class=\"elementor-element elementor-element-91c9fca e-flex e-con-boxed e-con e-parent\" data-id=\"91c9fca\" data-element_type=\"container\">\n\t\t\t\t\t<div class=\"e-con-inner\">\n\t\t\t\t<div class=\"elementor-element elementor-element-fd496be elementor-widget elementor-widget-spacer\" data-id=\"fd496be\" data-element_type=\"widget\" data-widget_type=\"spacer.default\">\n\t\t\t\t<div class=\"elementor-widget-container\">\n\t\t\t\t\t\t\t<div class=\"elementor-spacer\">\n\t\t\t<div class=\"elementor-spacer-inner\"><\/div>\n\t\t<\/div>\n\t\t\t\t\t\t<\/div>\n\t\t\t\t<\/div>\n\t\t\t\t<div class=\"elementor-element elementor-element-dc6c56a gallery-spacing-custom elementor-widget elementor-widget-image-gallery\" data-id=\"dc6c56a\" data-element_type=\"widget\" data-widget_type=\"image-gallery.default\">\n\t\t\t\t<div class=\"elementor-widget-container\">\n\t\t\t\t\t\t\t<div class=\"elementor-image-gallery\">\n\t\t\t<div id='gallery-1' class='gallery galleryid-171 gallery-columns-2 gallery-size-large'><figure class='gallery-item'>\n\t\t\t<div class='gallery-icon landscape'>\n\t\t\t\t<a data-elementor-open-lightbox=\"yes\" data-elementor-lightbox-slideshow=\"dc6c56a\" data-elementor-lightbox-title=\"Frente calendario\" data-e-action-hash=\"#elementor-action%3Aaction%3Dlightbox%26settings%3DeyJpZCI6MTc3LCJ1cmwiOiJodHRwczpcL1wvZ2lpY3NvLmFyXC93cC1jb250ZW50XC91cGxvYWRzXC8yMDI0XC8xMlwvRnJlbnRlLWNhbGVuZGFyaW8ucG5nIiwic2xpZGVzaG93IjoiZGM2YzU2YSJ9\" href='https:\/\/giicso.ar\/wp-content\/uploads\/2024\/12\/Frente-calendario.png'><img fetchpriority=\"high\" decoding=\"async\" width=\"800\" height=\"566\" src=\"https:\/\/giicso.ar\/wp-content\/uploads\/2024\/12\/Frente-calendario-1024x724.png\" class=\"attachment-large size-large\" alt=\"\" srcset=\"https:\/\/giicso.ar\/wp-content\/uploads\/2024\/12\/Frente-calendario-1024x724.png 1024w, https:\/\/giicso.ar\/wp-content\/uploads\/2024\/12\/Frente-calendario-300x212.png 300w, https:\/\/giicso.ar\/wp-content\/uploads\/2024\/12\/Frente-calendario-768x543.png 768w, https:\/\/giicso.ar\/wp-content\/uploads\/2024\/12\/Frente-calendario-1536x1086.png 1536w, https:\/\/giicso.ar\/wp-content\/uploads\/2024\/12\/Frente-calendario.png 2000w\" sizes=\"(max-width: 800px) 100vw, 800px\" \/><\/a>\n\t\t\t<\/div><\/figure><figure class='gallery-item'>\n\t\t\t<div class='gallery-icon landscape'>\n\t\t\t\t<a data-elementor-open-lightbox=\"yes\" data-elementor-lightbox-slideshow=\"dc6c56a\" data-elementor-lightbox-title=\"Dorso calendario\" data-e-action-hash=\"#elementor-action%3Aaction%3Dlightbox%26settings%3DeyJpZCI6MTc2LCJ1cmwiOiJodHRwczpcL1wvZ2lpY3NvLmFyXC93cC1jb250ZW50XC91cGxvYWRzXC8yMDI0XC8xMlwvRG9yc28tY2FsZW5kYXJpby5wbmciLCJzbGlkZXNob3ciOiJkYzZjNTZhIn0%3D\" href='https:\/\/giicso.ar\/wp-content\/uploads\/2024\/12\/Dorso-calendario.png'><img decoding=\"async\" width=\"800\" height=\"566\" src=\"https:\/\/giicso.ar\/wp-content\/uploads\/2024\/12\/Dorso-calendario-1024x724.png\" class=\"attachment-large size-large\" alt=\"\" srcset=\"https:\/\/giicso.ar\/wp-content\/uploads\/2024\/12\/Dorso-calendario-1024x724.png 1024w, https:\/\/giicso.ar\/wp-content\/uploads\/2024\/12\/Dorso-calendario-300x212.png 300w, https:\/\/giicso.ar\/wp-content\/uploads\/2024\/12\/Dorso-calendario-768x543.png 768w, https:\/\/giicso.ar\/wp-content\/uploads\/2024\/12\/Dorso-calendario-1536x1086.png 1536w, https:\/\/giicso.ar\/wp-content\/uploads\/2024\/12\/Dorso-calendario.png 2000w\" sizes=\"(max-width: 800px) 100vw, 800px\" \/><\/a>\n\t\t\t<\/div><\/figure>\n\t\t<\/div>\n\t\t<\/div>\n\t\t\t\t\t\t<\/div>\n\t\t\t\t<\/div>\n\t\t\t\t<div class=\"elementor-element elementor-element-78ba0bf elementor-widget elementor-widget-spacer\" data-id=\"78ba0bf\" data-element_type=\"widget\" data-widget_type=\"spacer.default\">\n\t\t\t\t<div class=\"elementor-widget-container\">\n\t\t\t\t\t\t\t<div class=\"elementor-spacer\">\n\t\t\t<div class=\"elementor-spacer-inner\"><\/div>\n\t\t<\/div>\n\t\t\t\t\t\t<\/div>\n\t\t\t\t<\/div>\n\t\t\t\t\t<\/div>\n\t\t\t\t<\/div>\n\t\t<div class=\"elementor-element elementor-element-58186d3 e-flex e-con-boxed e-con e-parent\" data-id=\"58186d3\" data-element_type=\"container\" data-settings=\"{&quot;background_background&quot;:&quot;classic&quot;}\">\n\t\t\t\t\t<div class=\"e-con-inner\">\n\t\t\t\t<div class=\"elementor-element elementor-element-4518df4 elementor-widget elementor-widget-heading\" data-id=\"4518df4\" data-element_type=\"widget\" data-widget_type=\"heading.default\">\n\t\t\t\t<div class=\"elementor-widget-container\">\n\t\t\t\t\t<h3 class=\"elementor-heading-title elementor-size-default\">Tr\u00edptico - Pueblos Ind\u00edgenas, conflictos ambientales y territoriales en la provincia de Buenos Aires<\/h3>\t\t\t\t<\/div>\n\t\t\t\t<\/div>\n\t\t\t\t\t<\/div>\n\t\t\t\t<\/div>\n\t\t<div class=\"elementor-element elementor-element-f758e3d e-flex e-con-boxed e-con e-parent\" data-id=\"f758e3d\" data-element_type=\"container\">\n\t\t\t\t\t<div class=\"e-con-inner\">\n\t\t\t\t<div class=\"elementor-element elementor-element-150b93d gallery-spacing-custom elementor-widget elementor-widget-image-gallery\" data-id=\"150b93d\" data-element_type=\"widget\" data-widget_type=\"image-gallery.default\">\n\t\t\t\t<div class=\"elementor-widget-container\">\n\t\t\t\t\t\t\t<div class=\"elementor-image-gallery\">\n\t\t\t<div id='gallery-2' class='gallery galleryid-171 gallery-columns-2 gallery-size-large'><figure class='gallery-item'>\n\t\t\t<div class='gallery-icon landscape'>\n\t\t\t\t<a data-elementor-open-lightbox=\"yes\" data-elementor-lightbox-slideshow=\"150b93d\" data-elementor-lightbox-title=\"1\" data-e-action-hash=\"#elementor-action%3Aaction%3Dlightbox%26settings%3DeyJpZCI6MTc4LCJ1cmwiOiJodHRwczpcL1wvZ2lpY3NvLmFyXC93cC1jb250ZW50XC91cGxvYWRzXC8yMDI0XC8xMlwvMS0xLXNjYWxlZC5qcGciLCJzbGlkZXNob3ciOiIxNTBiOTNkIn0%3D\" href='https:\/\/giicso.ar\/wp-content\/uploads\/2024\/12\/1-1-scaled.jpg'><img decoding=\"async\" width=\"800\" height=\"566\" src=\"https:\/\/giicso.ar\/wp-content\/uploads\/2024\/12\/1-1-1024x724.jpg\" class=\"attachment-large size-large\" alt=\"\" aria-describedby=\"gallery-2-178\" srcset=\"https:\/\/giicso.ar\/wp-content\/uploads\/2024\/12\/1-1-1024x724.jpg 1024w, https:\/\/giicso.ar\/wp-content\/uploads\/2024\/12\/1-1-300x212.jpg 300w, https:\/\/giicso.ar\/wp-content\/uploads\/2024\/12\/1-1-768x543.jpg 768w, https:\/\/giicso.ar\/wp-content\/uploads\/2024\/12\/1-1-1536x1086.jpg 1536w, https:\/\/giicso.ar\/wp-content\/uploads\/2024\/12\/1-1-2048x1448.jpg 2048w\" sizes=\"(max-width: 800px) 100vw, 800px\" \/><\/a>\n\t\t\t<\/div>\n\t\t\t\t<figcaption class='wp-caption-text gallery-caption' id='gallery-2-178'>\n\t\t\t\tFrente\n\t\t\t\t<\/figcaption><\/figure><figure class='gallery-item'>\n\t\t\t<div class='gallery-icon landscape'>\n\t\t\t\t<a data-elementor-open-lightbox=\"yes\" data-elementor-lightbox-slideshow=\"150b93d\" data-elementor-lightbox-title=\"2\" data-e-action-hash=\"#elementor-action%3Aaction%3Dlightbox%26settings%3DeyJpZCI6MTc5LCJ1cmwiOiJodHRwczpcL1wvZ2lpY3NvLmFyXC93cC1jb250ZW50XC91cGxvYWRzXC8yMDI0XC8xMlwvMi0xLXNjYWxlZC5qcGciLCJzbGlkZXNob3ciOiIxNTBiOTNkIn0%3D\" href='https:\/\/giicso.ar\/wp-content\/uploads\/2024\/12\/2-1-scaled.jpg'><img loading=\"lazy\" decoding=\"async\" width=\"800\" height=\"566\" src=\"https:\/\/giicso.ar\/wp-content\/uploads\/2024\/12\/2-1-1024x724.jpg\" class=\"attachment-large size-large\" alt=\"\" aria-describedby=\"gallery-2-179\" srcset=\"https:\/\/giicso.ar\/wp-content\/uploads\/2024\/12\/2-1-1024x724.jpg 1024w, https:\/\/giicso.ar\/wp-content\/uploads\/2024\/12\/2-1-300x212.jpg 300w, https:\/\/giicso.ar\/wp-content\/uploads\/2024\/12\/2-1-768x543.jpg 768w, https:\/\/giicso.ar\/wp-content\/uploads\/2024\/12\/2-1-1536x1086.jpg 1536w, https:\/\/giicso.ar\/wp-content\/uploads\/2024\/12\/2-1-2048x1448.jpg 2048w\" sizes=\"(max-width: 800px) 100vw, 800px\" \/><\/a>\n\t\t\t<\/div>\n\t\t\t\t<figcaption class='wp-caption-text gallery-caption' id='gallery-2-179'>\n\t\t\t\tDorso\n\t\t\t\t<\/figcaption><\/figure>\n\t\t<\/div>\n\t\t<\/div>\n\t\t\t\t\t\t<\/div>\n\t\t\t\t<\/div>\n\t\t\t\t\t<\/div>\n\t\t\t\t<\/div>\n\t\t<div class=\"elementor-element elementor-element-c341a1e e-flex e-con-boxed e-con e-parent\" data-id=\"c341a1e\" data-element_type=\"container\">\n\t\t\t\t\t<div class=\"e-con-inner\">\n\t\t\t\t<div class=\"elementor-element elementor-element-d41e6a7 elementor-widget elementor-widget-spacer\" data-id=\"d41e6a7\" data-element_type=\"widget\" data-widget_type=\"spacer.default\">\n\t\t\t\t<div class=\"elementor-widget-container\">\n\t\t\t\t\t\t\t<div class=\"elementor-spacer\">\n\t\t\t<div class=\"elementor-spacer-inner\"><\/div>\n\t\t<\/div>\n\t\t\t\t\t\t<\/div>\n\t\t\t\t<\/div>\n\t\t\t\t\t<\/div>\n\t\t\t\t<\/div>\n\t\t<div class=\"elementor-element elementor-element-0300c41 e-grid e-con-boxed e-con e-parent\" data-id=\"0300c41\" data-element_type=\"container\" data-settings=\"{&quot;background_background&quot;:&quot;classic&quot;}\">\n\t\t\t\t\t<div class=\"e-con-inner\">\n\t\t\t\t<div class=\"elementor-element elementor-element-09d8901 elementor-widget elementor-widget-text-editor\" data-id=\"09d8901\" data-element_type=\"widget\" data-widget_type=\"text-editor.default\">\n\t\t\t\t<div class=\"elementor-widget-container\">\n\t\t\t\t\t\t\t\t\t<p><strong>Comunidades ind\u00edgenas, conflictos ambientales, desigualdades socioecon\u00f3micas y territoriales en la Regi\u00f3n Metropolitana de Buenos Aires<\/strong><\/p>\t\t\t\t\t\t\t\t<\/div>\n\t\t\t\t<\/div>\n\t\t\t\t<div class=\"elementor-element elementor-element-548f6cf elementor-align-center elementor-widget elementor-widget-button\" data-id=\"548f6cf\" data-element_type=\"widget\" data-widget_type=\"button.default\">\n\t\t\t\t<div class=\"elementor-widget-container\">\n\t\t\t\t\t\t\t\t\t<div class=\"elementor-button-wrapper\">\n\t\t\t\t\t<a class=\"elementor-button elementor-button-link elementor-size-sm\" href=\"https:\/\/giicso.ar\/wp-content\/uploads\/2024\/12\/CONICET_Digital_Nro.cab22548-f70f-4315-aac5-2d29ad767fd3_B.pdf\" target=\"_blank\">\n\t\t\t\t\t\t<span class=\"elementor-button-content-wrapper\">\n\t\t\t\t\t\t\t\t\t<span class=\"elementor-button-text\">Descargar PDF<\/span>\n\t\t\t\t\t<\/span>\n\t\t\t\t\t<\/a>\n\t\t\t\t<\/div>\n\t\t\t\t\t\t\t\t<\/div>\n\t\t\t\t<\/div>\n\t\t\t\t\t<\/div>\n\t\t\t\t<\/div>\n\t\t<div class=\"elementor-element elementor-element-376065d e-flex e-con-boxed e-con e-parent\" data-id=\"376065d\" data-element_type=\"container\">\n\t\t\t\t\t<div class=\"e-con-inner\">\n\t\t\t\t<div class=\"elementor-element elementor-element-eed37a7 elementor-widget elementor-widget-spacer\" data-id=\"eed37a7\" data-element_type=\"widget\" data-widget_type=\"spacer.default\">\n\t\t\t\t<div class=\"elementor-widget-container\">\n\t\t\t\t\t\t\t<div class=\"elementor-spacer\">\n\t\t\t<div class=\"elementor-spacer-inner\"><\/div>\n\t\t<\/div>\n\t\t\t\t\t\t<\/div>\n\t\t\t\t<\/div>\n\t\t\t\t\t<\/div>\n\t\t\t\t<\/div>\n\t\t<div class=\"elementor-element elementor-element-d9245c7 e-grid e-con-boxed e-con e-parent\" data-id=\"d9245c7\" data-element_type=\"container\" data-settings=\"{&quot;background_background&quot;:&quot;classic&quot;}\">\n\t\t\t\t\t<div class=\"e-con-inner\">\n\t\t\t\t<div class=\"elementor-element elementor-element-02c237a elementor-widget elementor-widget-text-editor\" data-id=\"02c237a\" data-element_type=\"widget\" data-widget_type=\"text-editor.default\">\n\t\t\t\t<div class=\"elementor-widget-container\">\n\t\t\t\t\t\t\t\t\t<p><strong>Mapas de conflictos y comunidades ind\u00edgenas\u00a0 <\/strong><strong>de las Provincia de Buenos Aires<\/strong><\/p>\t\t\t\t\t\t\t\t<\/div>\n\t\t\t\t<\/div>\n\t\t\t\t<div class=\"elementor-element elementor-element-613a8bd elementor-align-center elementor-widget elementor-widget-button\" data-id=\"613a8bd\" data-element_type=\"widget\" data-widget_type=\"button.default\">\n\t\t\t\t<div class=\"elementor-widget-container\">\n\t\t\t\t\t\t\t\t\t<div class=\"elementor-button-wrapper\">\n\t\t\t\t\t<a class=\"elementor-button elementor-button-link elementor-size-sm\" href=\"https:\/\/giicso.ar\/index.php\/mapas-picat\/\" target=\"_blank\">\n\t\t\t\t\t\t<span class=\"elementor-button-content-wrapper\">\n\t\t\t\t\t\t\t\t\t<span class=\"elementor-button-text\">Ver Mapas<\/span>\n\t\t\t\t\t<\/span>\n\t\t\t\t\t<\/a>\n\t\t\t\t<\/div>\n\t\t\t\t\t\t\t\t<\/div>\n\t\t\t\t<\/div>\n\t\t\t\t\t<\/div>\n\t\t\t\t<\/div>\n\t\t\t\t<\/div>\n\t\t","protected":false},"excerpt":{"rendered":"<p>Calendario Andino Tr\u00edptico &#8211; Pueblos Ind\u00edgenas, conflictos ambientales y territoriales en la provincia de Buenos Aires Frente Dorso Comunidades ind\u00edgenas, conflictos ambientales, desigualdades socioecon\u00f3micas y territoriales en la Regi\u00f3n Metropolitana de Buenos Aires Descargar PDF Mapas de conflictos y comunidades ind\u00edgenas\u00a0 de las Provincia de Buenos Aires Ver Mapas<\/p>\n","protected":false},"author":1,"featured_media":0,"parent":0,"menu_order":0,"comment_status":"closed","ping_status":"closed","template":"","meta":{"footnotes":""},"class_list":["post-171","page","type-page","status-publish","hentry"],"_links":{"self":[{"href":"https:\/\/giicso.ar\/index.php\/wp-json\/wp\/v2\/pages\/171","targetHints":{"allow":["GET"]}}],"collection":[{"href":"https:\/\/giicso.ar\/index.php\/wp-json\/wp\/v2\/pages"}],"about":[{"href":"https:\/\/giicso.ar\/index.php\/wp-json\/wp\/v2\/types\/page"}],"author":[{"embeddable":true,"href":"https:\/\/giicso.ar\/index.php\/wp-json\/wp\/v2\/users\/1"}],"replies":[{"embeddable":true,"href":"https:\/\/giicso.ar\/index.php\/wp-json\/wp\/v2\/comments?post=171"}],"version-history":[{"count":22,"href":"https:\/\/giicso.ar\/index.php\/wp-json\/wp\/v2\/pages\/171\/revisions"}],"predecessor-version":[{"id":303,"href":"https:\/\/giicso.ar\/index.php\/wp-json\/wp\/v2\/pages\/171\/revisions\/303"}],"wp:attachment":[{"href":"https:\/\/giicso.ar\/index.php\/wp-json\/wp\/v2\/media?parent=171"}],"curies":[{"name":"wp","href":"https:\/\/api.w.org\/{rel}","templated":true}]}}