{"id":136,"date":"2024-12-16T16:23:53","date_gmt":"2024-12-16T19:23:53","guid":{"rendered":"https:\/\/giicso.ar\/?page_id=136"},"modified":"2025-01-02T22:48:57","modified_gmt":"2025-01-03T01:48:57","slug":"picat","status":"publish","type":"page","link":"https:\/\/giicso.ar\/index.php\/picat\/","title":{"rendered":"PICAT"},"content":{"rendered":"\t\t<div data-elementor-type=\"wp-page\" data-elementor-id=\"136\" class=\"elementor elementor-136\">\n\t\t\t\t<div class=\"elementor-element elementor-element-7410ff5 e-flex e-con-boxed e-con e-parent\" data-id=\"7410ff5\" data-element_type=\"container\" data-settings=\"{&quot;background_background&quot;:&quot;classic&quot;}\">\n\t\t\t\t\t<div class=\"e-con-inner\">\n\t\t<div class=\"elementor-element elementor-element-e640431 e-con-full e-flex e-con e-child\" data-id=\"e640431\" data-element_type=\"container\">\n\t\t\t\t<div class=\"elementor-element elementor-element-55133a5 elementor-arrows-position-inside elementor-pagination-position-outside elementor-widget elementor-widget-image-carousel\" data-id=\"55133a5\" data-element_type=\"widget\" data-settings=\"{&quot;slides_to_show&quot;:&quot;1&quot;,&quot;navigation&quot;:&quot;both&quot;,&quot;autoplay&quot;:&quot;yes&quot;,&quot;pause_on_hover&quot;:&quot;yes&quot;,&quot;pause_on_interaction&quot;:&quot;yes&quot;,&quot;autoplay_speed&quot;:5000,&quot;infinite&quot;:&quot;yes&quot;,&quot;effect&quot;:&quot;slide&quot;,&quot;speed&quot;:500}\" data-widget_type=\"image-carousel.default\">\n\t\t\t\t<div class=\"elementor-widget-container\">\n\t\t\t\t\t\t\t<div class=\"elementor-image-carousel-wrapper swiper\" role=\"region\" aria-roledescription=\"carousel\" aria-label=\"Carrusel de im\u00e1genes\" dir=\"ltr\">\n\t\t\t<div class=\"elementor-image-carousel swiper-wrapper\" aria-live=\"off\">\n\t\t\t\t\t\t\t\t<div class=\"swiper-slide\" role=\"group\" aria-roledescription=\"slide\" aria-label=\"1 of 4\"><figure class=\"swiper-slide-inner\"><img decoding=\"async\" class=\"swiper-slide-image\" src=\"https:\/\/giicso.ar\/wp-content\/uploads\/2024\/12\/WhatsApp-Image-2023-07-28-at-00.02.45-61-1-1024x768.jpeg\" alt=\"WhatsApp Image 2023-07-28 at 00.02.45 (61) (1)\" \/><\/figure><\/div><div class=\"swiper-slide\" role=\"group\" aria-roledescription=\"slide\" aria-label=\"2 of 4\"><figure class=\"swiper-slide-inner\"><img decoding=\"async\" class=\"swiper-slide-image\" src=\"https:\/\/giicso.ar\/wp-content\/uploads\/2024\/12\/picat-unlam-1024x730.png\" alt=\"picat unlam\" \/><\/figure><\/div><div class=\"swiper-slide\" role=\"group\" aria-roledescription=\"slide\" aria-label=\"3 of 4\"><figure class=\"swiper-slide-inner\"><img decoding=\"async\" class=\"swiper-slide-image\" src=\"https:\/\/giicso.ar\/wp-content\/uploads\/2024\/12\/DSC_0668-1024x683.jpg\" alt=\"DSC_0668\" \/><\/figure><\/div><div class=\"swiper-slide\" role=\"group\" aria-roledescription=\"slide\" aria-label=\"4 of 4\"><figure class=\"swiper-slide-inner\"><img decoding=\"async\" class=\"swiper-slide-image\" src=\"https:\/\/giicso.ar\/wp-content\/uploads\/2024\/12\/20240922195840911-1024x768.jpg\" alt=\"20240922195840911\" \/><\/figure><\/div>\t\t\t<\/div>\n\t\t\t\t\t\t\t\t\t\t\t\t<div class=\"elementor-swiper-button elementor-swiper-button-prev\" role=\"button\" tabindex=\"0\">\n\t\t\t\t\t\t<svg aria-hidden=\"true\" class=\"e-font-icon-svg e-eicon-chevron-left\" viewBox=\"0 0 1000 1000\" xmlns=\"http:\/\/www.w3.org\/2000\/svg\"><path d=\"M646 125C629 125 613 133 604 142L308 442C296 454 292 471 292 487 292 504 296 521 308 533L604 854C617 867 629 875 646 875 663 875 679 871 692 858 704 846 713 829 713 812 713 796 708 779 692 767L438 487 692 225C700 217 708 204 708 187 708 171 704 154 692 142 675 129 663 125 646 125Z\"><\/path><\/svg>\t\t\t\t\t<\/div>\n\t\t\t\t\t<div class=\"elementor-swiper-button elementor-swiper-button-next\" role=\"button\" tabindex=\"0\">\n\t\t\t\t\t\t<svg aria-hidden=\"true\" class=\"e-font-icon-svg e-eicon-chevron-right\" viewBox=\"0 0 1000 1000\" xmlns=\"http:\/\/www.w3.org\/2000\/svg\"><path d=\"M696 533C708 521 713 504 713 487 713 471 708 454 696 446L400 146C388 133 375 125 354 125 338 125 325 129 313 142 300 154 292 171 292 187 292 204 296 221 308 233L563 492 304 771C292 783 288 800 288 817 288 833 296 850 308 863 321 871 338 875 354 875 371 875 388 867 400 854L696 533Z\"><\/path><\/svg>\t\t\t\t\t<\/div>\n\t\t\t\t\n\t\t\t\t\t\t\t\t\t<div class=\"swiper-pagination\"><\/div>\n\t\t\t\t\t\t\t\t\t<\/div>\n\t\t\t\t\t\t<\/div>\n\t\t\t\t<\/div>\n\t\t\t\t<\/div>\n\t\t<div class=\"elementor-element elementor-element-a7adde0 e-con-full e-flex e-con e-child\" data-id=\"a7adde0\" data-element_type=\"container\">\n\t\t\t\t<div class=\"elementor-element elementor-element-cf3f59a elementor-widget elementor-widget-heading\" data-id=\"cf3f59a\" data-element_type=\"widget\" data-widget_type=\"heading.default\">\n\t\t\t\t<div class=\"elementor-widget-container\">\n\t\t\t\t\t<h2 class=\"elementor-heading-title elementor-size-default\">PICAT | \u00bfQuienes somos?<\/h2>\t\t\t\t<\/div>\n\t\t\t\t<\/div>\n\t\t\t\t<div class=\"elementor-element elementor-element-fdfa39d elementor-widget elementor-widget-text-editor\" data-id=\"fdfa39d\" data-element_type=\"widget\" data-widget_type=\"text-editor.default\">\n\t\t\t\t<div class=\"elementor-widget-container\">\n\t\t\t\t\t\t\t\t\t<p><strong>Pueblos Ind\u00edgenas, Conflictos Ambientales y Territoriales (PICAT)<\/strong> es un grupo de estudios conformado por estudiantes, graduades e investigadores de la Universidad P\u00fablica. Entre sus principales l\u00edneas de investigaci\u00f3n se desataca el an\u00e1lisis sobre cuestiones vinculadas a los pueblos originarios en la Provincia de Buenos Aires, atendiendo fundamentalmente a los escenarios de conflictividad ambiental y territorial que existen en dichos espacios. Desde el 2020, les integrantes de PICAT, a partir del desarrollo de diferentes instancias de investigaci\u00f3n, extensi\u00f3n, transferencia y docencia han analizado diversas variables que afecta a dicha poblaci\u00f3n, hist\u00f3ricamente invisibilizada y criminalizada.<\/p><p>PICAT actualmente est\u00e1 conformado por integrantes de diferentes carreras de la Universidad Nacional de La Matanza (UNLAM), bajo la direcci\u00f3n de la Dra. Malena Castilla, investigadora del CONICET con sede de trabajo en dicha Casa de Altos Estudios. Entre los trabajos de PICAT se destacan los seminarios de lectura y formaci\u00f3n acad\u00e9mica, la publicaci\u00f3n de art\u00edculos cient\u00edficos, participaci\u00f3n y presentaci\u00f3n de resultados en jornadas y congresos nacionales e internacionales, elaboraci\u00f3n y publicaci\u00f3n de materiales de difusi\u00f3n y la realizaci\u00f3n de actividades junto con los actores territoriales. Asimismo, a lo largo de estos a\u00f1os, sus integrantes postulan y obtienen becas y proyectos de investigaci\u00f3n que permiten avanzar en la sistematizaci\u00f3n de diversas fuentes primarias y secundarias que posibilitan la realizaci\u00f3n de cartograf\u00edas desde las cuales, se analizan las problem\u00e1ticas trabajadas.<br \/><br \/><strong>Integrantes:<\/strong> Gloria Acosta Bogado &#8211;\u00a0 Estefania Abal &#8211;\u00a0 Evelyn Freidine &#8211;\u00a0 Mar\u00eda Paula Contreras &#8211; \u00c1ngela Fereyra Anania &#8211;\u00a0 Mar\u00eda Candela Barale &#8211; Noelia Baez &#8211; Alanis Antonela Bianca &#8211; Sol Tejerina &#8211; Agustina Vilches &#8211; Nuria Fernandez &#8211; Manuela Tejedor &#8211; Milagros Ferrari &#8211;\u00a0 Lucero Leiza &#8211; Camila Teramo &#8211; Malena Castilla<\/p>\t\t\t\t\t\t\t\t<\/div>\n\t\t\t\t<\/div>\n\t\t\t\t<div class=\"elementor-element elementor-element-d4e5fff elementor-align-center elementor-widget elementor-widget-button\" data-id=\"d4e5fff\" data-element_type=\"widget\" data-widget_type=\"button.default\">\n\t\t\t\t<div class=\"elementor-widget-container\">\n\t\t\t\t\t\t\t\t\t<div class=\"elementor-button-wrapper\">\n\t\t\t\t\t<a class=\"elementor-button elementor-button-link elementor-size-sm elementor-animation-pop\" href=\"https:\/\/giicso.ar\/index.php\/producciones-picat\/\">\n\t\t\t\t\t\t<span class=\"elementor-button-content-wrapper\">\n\t\t\t\t\t\t\t\t\t<span class=\"elementor-button-text\">Producciones del grupo<\/span>\n\t\t\t\t\t<\/span>\n\t\t\t\t\t<\/a>\n\t\t\t\t<\/div>\n\t\t\t\t\t\t\t\t<\/div>\n\t\t\t\t<\/div>\n\t\t\t\t<\/div>\n\t\t\t\t\t<\/div>\n\t\t\t\t<\/div>\n\t\t<div class=\"elementor-element elementor-element-51e1893 e-flex e-con-boxed e-con e-parent\" data-id=\"51e1893\" data-element_type=\"container\">\n\t\t\t\t\t<div class=\"e-con-inner\">\n\t\t<div class=\"elementor-element elementor-element-252b354 e-con-full e-flex e-con e-child\" data-id=\"252b354\" data-element_type=\"container\">\n\t\t\t\t<div class=\"elementor-element elementor-element-529b292 elementor-widget elementor-widget-text-editor\" data-id=\"529b292\" data-element_type=\"widget\" data-widget_type=\"text-editor.default\">\n\t\t\t\t<div class=\"elementor-widget-container\">\n\t\t\t\t\t\t\t\t\t<p><strong>Visit\u00e1 el Instagram de PICAT<br \/><\/strong><\/p>\t\t\t\t\t\t\t\t<\/div>\n\t\t\t\t<\/div>\n\t\t\t\t<\/div>\n\t\t<div class=\"elementor-element elementor-element-86d651f e-con-full e-flex e-con e-child\" data-id=\"86d651f\" data-element_type=\"container\">\n\t\t\t\t<div class=\"elementor-element elementor-element-34fc2f7 e-grid-align-left elementor-shape-rounded elementor-grid-0 elementor-widget elementor-widget-social-icons\" data-id=\"34fc2f7\" data-element_type=\"widget\" data-widget_type=\"social-icons.default\">\n\t\t\t\t<div class=\"elementor-widget-container\">\n\t\t\t\t\t\t\t<div class=\"elementor-social-icons-wrapper elementor-grid\">\n\t\t\t\t\t\t\t<span class=\"elementor-grid-item\">\n\t\t\t\t\t<a class=\"elementor-icon elementor-social-icon elementor-social-icon-instagram elementor-repeater-item-72c1a45\" href=\"https:\/\/www.instagram.com\/picat.ok?utm_source=ig_web_button_share_sheet&#038;igsh=ZDNlZDc0MzIxNw==\" target=\"_blank\">\n\t\t\t\t\t\t<span class=\"elementor-screen-only\">Instagram<\/span>\n\t\t\t\t\t\t<svg class=\"e-font-icon-svg e-fab-instagram\" viewBox=\"0 0 448 512\" xmlns=\"http:\/\/www.w3.org\/2000\/svg\"><path d=\"M224.1 141c-63.6 0-114.9 51.3-114.9 114.9s51.3 114.9 114.9 114.9S339 319.5 339 255.9 287.7 141 224.1 141zm0 189.6c-41.1 0-74.7-33.5-74.7-74.7s33.5-74.7 74.7-74.7 74.7 33.5 74.7 74.7-33.6 74.7-74.7 74.7zm146.4-194.3c0 14.9-12 26.8-26.8 26.8-14.9 0-26.8-12-26.8-26.8s12-26.8 26.8-26.8 26.8 12 26.8 26.8zm76.1 27.2c-1.7-35.9-9.9-67.7-36.2-93.9-26.2-26.2-58-34.4-93.9-36.2-37-2.1-147.9-2.1-184.9 0-35.8 1.7-67.6 9.9-93.9 36.1s-34.4 58-36.2 93.9c-2.1 37-2.1 147.9 0 184.9 1.7 35.9 9.9 67.7 36.2 93.9s58 34.4 93.9 36.2c37 2.1 147.9 2.1 184.9 0 35.9-1.7 67.7-9.9 93.9-36.2 26.2-26.2 34.4-58 36.2-93.9 2.1-37 2.1-147.8 0-184.8zM398.8 388c-7.8 19.6-22.9 34.7-42.6 42.6-29.5 11.7-99.5 9-132.1 9s-102.7 2.6-132.1-9c-19.6-7.8-34.7-22.9-42.6-42.6-11.7-29.5-9-99.5-9-132.1s-2.6-102.7 9-132.1c7.8-19.6 22.9-34.7 42.6-42.6 29.5-11.7 99.5-9 132.1-9s102.7-2.6 132.1 9c19.6 7.8 34.7 22.9 42.6 42.6 11.7 29.5 9 99.5 9 132.1s2.7 102.7-9 132.1z\"><\/path><\/svg>\t\t\t\t\t<\/a>\n\t\t\t\t<\/span>\n\t\t\t\t\t<\/div>\n\t\t\t\t\t\t<\/div>\n\t\t\t\t<\/div>\n\t\t\t\t<\/div>\n\t\t\t\t\t<\/div>\n\t\t\t\t<\/div>\n\t\t\t\t<\/div>\n\t\t","protected":false},"excerpt":{"rendered":"<p>PICAT | \u00bfQuienes somos? Pueblos Ind\u00edgenas, Conflictos Ambientales y Territoriales (PICAT) es un grupo de estudios conformado por estudiantes, graduades e investigadores de la Universidad P\u00fablica. Entre sus principales l\u00edneas de investigaci\u00f3n se desataca el an\u00e1lisis sobre cuestiones vinculadas a los pueblos originarios en la Provincia de Buenos Aires, atendiendo fundamentalmente a los escenarios de [&hellip;]<\/p>\n","protected":false},"author":1,"featured_media":0,"parent":0,"menu_order":0,"comment_status":"closed","ping_status":"closed","template":"","meta":{"footnotes":""},"class_list":["post-136","page","type-page","status-publish","hentry"],"_links":{"self":[{"href":"https:\/\/giicso.ar\/index.php\/wp-json\/wp\/v2\/pages\/136","targetHints":{"allow":["GET"]}}],"collection":[{"href":"https:\/\/giicso.ar\/index.php\/wp-json\/wp\/v2\/pages"}],"about":[{"href":"https:\/\/giicso.ar\/index.php\/wp-json\/wp\/v2\/types\/page"}],"author":[{"embeddable":true,"href":"https:\/\/giicso.ar\/index.php\/wp-json\/wp\/v2\/users\/1"}],"replies":[{"embeddable":true,"href":"https:\/\/giicso.ar\/index.php\/wp-json\/wp\/v2\/comments?post=136"}],"version-history":[{"count":35,"href":"https:\/\/giicso.ar\/index.php\/wp-json\/wp\/v2\/pages\/136\/revisions"}],"predecessor-version":[{"id":624,"href":"https:\/\/giicso.ar\/index.php\/wp-json\/wp\/v2\/pages\/136\/revisions\/624"}],"wp:attachment":[{"href":"https:\/\/giicso.ar\/index.php\/wp-json\/wp\/v2\/media?parent=136"}],"curies":[{"name":"wp","href":"https:\/\/api.w.org\/{rel}","templated":true}]}}